{"id":133,"date":"2024-09-19T11:31:13","date_gmt":"2024-09-19T14:31:13","guid":{"rendered":"http:\/\/grupociasul1.hospedagemdesites.ws\/?page_id=133"},"modified":"2024-10-01T12:13:15","modified_gmt":"2024-10-01T15:13:15","slug":"ciasul","status":"publish","type":"page","link":"https:\/\/www.grupociasul.com.br\/index.php\/ciasul\/","title":{"rendered":"Ciasul"},"content":{"rendered":"\n<div class=\"wp-block-group alignfull has-global-padding is-layout-constrained wp-container-core-group-is-layout-f36bc466 wp-block-group-is-layout-constrained\">\n<div class=\"wp-block-cover alignfull\" style=\"min-height:181px;aspect-ratio:unset;\"><span aria-hidden=\"true\" class=\"wp-block-cover__background has-background-dim\"><\/span><img loading=\"lazy\" decoding=\"async\" width=\"900\" height=\"600\" class=\"wp-block-cover__image-background wp-image-156\" alt=\"\" src=\"http:\/\/grupociasul1.hospedagemdesites.ws\/wp-content\/uploads\/2024\/09\/Grupo-Ciasul_Home-Site_px_iStock-1314377268.jpg\" data-object-fit=\"cover\" srcset=\"https:\/\/www.grupociasul.com.br\/wp-content\/uploads\/2024\/09\/Grupo-Ciasul_Home-Site_px_iStock-1314377268.jpg 900w, https:\/\/www.grupociasul.com.br\/wp-content\/uploads\/2024\/09\/Grupo-Ciasul_Home-Site_px_iStock-1314377268-300x200.jpg 300w, https:\/\/www.grupociasul.com.br\/wp-content\/uploads\/2024\/09\/Grupo-Ciasul_Home-Site_px_iStock-1314377268-768x512.jpg 768w\" sizes=\"auto, (max-width: 900px) 100vw, 900px\" \/><div class=\"wp-block-cover__inner-container is-layout-flow wp-block-cover-is-layout-flow\">\n<p class=\"has-text-align-left has-large-font-size\" style=\"margin-right:var(--wp--preset--spacing--50);margin-left:var(--wp--preset--spacing--50)\">Ciasul<\/p>\n<\/div><\/div>\n<\/div>\n\n\n\n<div class=\"wp-block-group alignfull has-base-background-color has-background has-global-padding is-layout-constrained wp-container-core-group-is-layout-d89aad35 wp-block-group-is-layout-constrained\" style=\"margin-top:0;margin-bottom:0;padding-top:var(--wp--preset--spacing--50);padding-right:var(--wp--preset--spacing--50);padding-bottom:var(--wp--preset--spacing--50);padding-left:var(--wp--preset--spacing--50)\">\n<div class=\"wp-block-columns alignwide is-layout-flex wp-container-core-columns-is-layout-549b0c86 wp-block-columns-is-layout-flex\">\n<div class=\"wp-block-column has-global-padding is-content-justification-center is-layout-constrained wp-container-core-column-is-layout-9364df04 wp-block-column-is-layout-constrained\" style=\"flex-basis:40%\">\n<figure class=\"wp-block-image size-large\"><img loading=\"lazy\" decoding=\"async\" width=\"1024\" height=\"374\" src=\"http:\/\/grupociasul1.hospedagemdesites.ws\/wp-content\/uploads\/2024\/09\/Logotipo-Ciasul-Novo-1024x374.png\" alt=\"\" class=\"wp-image-127\" srcset=\"https:\/\/www.grupociasul.com.br\/wp-content\/uploads\/2024\/09\/Logotipo-Ciasul-Novo-1024x374.png 1024w, https:\/\/www.grupociasul.com.br\/wp-content\/uploads\/2024\/09\/Logotipo-Ciasul-Novo-300x110.png 300w, https:\/\/www.grupociasul.com.br\/wp-content\/uploads\/2024\/09\/Logotipo-Ciasul-Novo-768x280.png 768w, https:\/\/www.grupociasul.com.br\/wp-content\/uploads\/2024\/09\/Logotipo-Ciasul-Novo.png 1183w\" sizes=\"auto, (max-width: 1024px) 100vw, 1024px\" \/><\/figure>\n<\/div>\n\n\n\n<div class=\"wp-block-column is-layout-flow wp-container-core-column-is-layout-119bc444 wp-block-column-is-layout-flow\" style=\"flex-basis:60%\">\n<div class=\"wp-block-columns is-layout-flex wp-container-core-columns-is-layout-87beb0d0 wp-block-columns-is-layout-flex\">\n<div class=\"wp-block-column is-layout-flow wp-block-column-is-layout-flow\">\n<p class=\"wp-container-content-9cfa9a5a\">O Grupo Ciasul tem uma atua\u00e7\u00e3o ampla no mercado da constru\u00e7\u00e3o a seco do Brasil, reunindo colaboradores qualificados para criar as melhores solu\u00e7\u00f5es em seu segmento.<\/p>\n\n\n\n<p class=\"wp-container-content-9cfa9a5a\">Fundada em 1981, na cidade de Santo Andr\u00e9\/SP, \u00e9 uma das maiores empresas revendedoras de materiais de revestimentos para a Constru\u00e7\u00e3o Civil, tais como: Forros, Pisos, Divis\u00f3rias, Drywall, Revestimentos Ac\u00fasticos, Mezaninos&nbsp; e Light Steel Frame.<\/p>\n\n\n\n<p class=\"wp-container-content-9cfa9a5a\"><a href=\"http:\/\/www.ciasul.com.br\"><u><strong>www.ciasul.com.br<\/strong><\/u><\/a><\/p>\n<\/div>\n<\/div>\n<\/div>\n<\/div>\n<\/div>\n\n\n\n<p><\/p>\n","protected":false},"excerpt":{"rendered":"<p>O Grupo Ciasul tem uma atua\u00e7\u00e3o ampla no mercado da constru\u00e7\u00e3o a seco do Brasil, reunindo colaboradores qualificados para criar as melhores solu\u00e7\u00f5es em seu segmento. Fundada em 1981, na cidade de Santo Andr\u00e9\/SP, \u00e9 uma das maiores empresas revendedoras de materiais de revestimentos para a Constru\u00e7\u00e3o Civil, tais como: Forros, Pisos, Divis\u00f3rias, Drywall, Revestimentos [&hellip;]<\/p>\n","protected":false},"author":1,"featured_media":0,"parent":0,"menu_order":0,"comment_status":"closed","ping_status":"closed","template":"","meta":{"footnotes":""},"class_list":["post-133","page","type-page","status-publish","hentry"],"_links":{"self":[{"href":"https:\/\/www.grupociasul.com.br\/index.php\/wp-json\/wp\/v2\/pages\/133","targetHints":{"allow":["GET"]}}],"collection":[{"href":"https:\/\/www.grupociasul.com.br\/index.php\/wp-json\/wp\/v2\/pages"}],"about":[{"href":"https:\/\/www.grupociasul.com.br\/index.php\/wp-json\/wp\/v2\/types\/page"}],"author":[{"embeddable":true,"href":"https:\/\/www.grupociasul.com.br\/index.php\/wp-json\/wp\/v2\/users\/1"}],"replies":[{"embeddable":true,"href":"https:\/\/www.grupociasul.com.br\/index.php\/wp-json\/wp\/v2\/comments?post=133"}],"version-history":[{"count":5,"href":"https:\/\/www.grupociasul.com.br\/index.php\/wp-json\/wp\/v2\/pages\/133\/revisions"}],"predecessor-version":[{"id":208,"href":"https:\/\/www.grupociasul.com.br\/index.php\/wp-json\/wp\/v2\/pages\/133\/revisions\/208"}],"wp:attachment":[{"href":"https:\/\/www.grupociasul.com.br\/index.php\/wp-json\/wp\/v2\/media?parent=133"}],"curies":[{"name":"wp","href":"https:\/\/api.w.org\/{rel}","templated":true}]}}