{"id":51,"date":"2024-09-18T16:43:59","date_gmt":"2024-09-18T19:43:59","guid":{"rendered":"http:\/\/grupociasul1.hospedagemdesites.ws\/?page_id=51"},"modified":"2026-02-20T14:18:43","modified_gmt":"2026-02-20T17:18:43","slug":"sobre","status":"publish","type":"page","link":"https:\/\/www.grupociasul.com.br\/index.php\/sobre\/","title":{"rendered":"Sobre"},"content":{"rendered":"\n<div class=\"wp-block-group alignfull has-global-padding is-layout-constrained wp-block-group-is-layout-constrained\">\n<div class=\"wp-block-cover alignfull is-repeated has-custom-content-position is-position-bottom-left\" style=\"min-height:497px;aspect-ratio:unset;\"><span aria-hidden=\"true\" class=\"wp-block-cover__background has-background-dim-40 has-background-dim\" style=\"background-color:#534856\"><\/span><div class=\"wp-block-cover__image-background wp-image-164 is-repeated\" style=\"background-position:50% 50%;background-image:url(http:\/\/www.grupociasul.com.br\/wp-content\/uploads\/2024\/10\/Site-Grupo-Ciasul_Pagina-Quem-Somos-1.jpg)\"><\/div><div class=\"wp-block-cover__inner-container has-global-padding is-layout-constrained wp-container-core-cover-is-layout-f36bc466 wp-block-cover-is-layout-constrained\">\n<div class=\"wp-block-columns alignfull are-vertically-aligned-bottom is-layout-flex wp-container-core-columns-is-layout-c819c4ca wp-block-columns-is-layout-flex\" style=\"margin-top:33px;margin-bottom:33px;padding-top:0;padding-right:var(--wp--preset--spacing--60);padding-bottom:0;padding-left:var(--wp--preset--spacing--60)\">\n<div class=\"wp-block-column is-vertically-aligned-bottom is-layout-flow wp-block-column-is-layout-flow\">\n<p class=\"has-text-align-center has-large-font-size\">Quem Somos<\/p>\n<\/div>\n<\/div>\n<\/div><\/div>\n<\/div>\n\n\n\n<div class=\"wp-block-group alignfull has-base-background-color has-background has-global-padding is-layout-constrained wp-container-core-group-is-layout-d89aad35 wp-block-group-is-layout-constrained\" style=\"margin-top:0;margin-bottom:0;padding-top:var(--wp--preset--spacing--50);padding-right:var(--wp--preset--spacing--50);padding-bottom:var(--wp--preset--spacing--50);padding-left:var(--wp--preset--spacing--50)\">\n<div class=\"wp-block-columns alignwide is-layout-flex wp-container-core-columns-is-layout-549b0c86 wp-block-columns-is-layout-flex\">\n<div class=\"wp-block-column has-global-padding is-content-justification-center is-layout-constrained wp-container-core-column-is-layout-9364df04 wp-block-column-is-layout-constrained\" style=\"flex-basis:40%\">\n<p><em>\u201cUm dos maiores players de constru\u00e7\u00e3o a seco e revestimentos do pa\u00eds, com mais de 45 anos de tradi\u00e7\u00e3o, o Grupo Ciasul oferece ao mercado solu\u00e7\u00f5es de ponta a ponta \u2013 atacarejo, atacado e presta\u00e7\u00e3o de servi\u00e7os \u2013, possibilitando o atendimento a diferentes p\u00fablicos e a realiza\u00e7\u00e3o de obras dos mais variados portes\u201d.<\/em><\/p>\n<\/div>\n\n\n\n<div class=\"wp-block-column is-layout-flow wp-container-core-column-is-layout-119bc444 wp-block-column-is-layout-flow\" style=\"flex-basis:60%\">\n<div class=\"wp-block-columns is-layout-flex wp-container-core-columns-is-layout-87beb0d0 wp-block-columns-is-layout-flex\">\n<div class=\"wp-block-column is-layout-flow wp-block-column-is-layout-flow\">\n<p class=\"wp-container-content-9cfa9a5a\">O&nbsp;Grupo Ciasul&nbsp;\u00e9 um dos principais players de mercado no setor da Constru\u00e7\u00e3o a Seco no Brasil, sendo constitu\u00eddo por empresas especializadas com expertise e concentrando suas for\u00e7as em tr\u00eas principais frentes de atua\u00e7\u00e3o: importa\u00e7\u00e3o e distribui\u00e7\u00e3o de produtos para o mercado revendedor, com\u00e9rcio de produtos para lojistas, consumidores finais e profissionais da \u00e1rea e venda de materiais agregada com servi\u00e7os de instala\u00e7\u00e3o para ambientes corporativos.<\/p>\n\n\n\n<p class=\"wp-container-content-9cfa9a5a\">Em toda a sua trajet\u00f3ria, iniciada em 1981 com a empresa Ciasul Comercial, o&nbsp;Grupo Ciasul&nbsp;sempre assumiu o compromisso de prover o mercado <\/p>\n<\/div>\n\n\n\n<div class=\"wp-block-column is-layout-flow wp-block-column-is-layout-flow\">\n<p>com as melhores solu\u00e7\u00f5es em revestimentos e constru\u00e7\u00e3o a seco, alicer\u00e7ado em pol\u00edticas de desenvolvimento profissional de seus colaboradores e sele\u00e7\u00e3o de produtos com qualidade comprovada, proveniente dos melhores fabricantes do mercado.<\/p>\n\n\n\n<p>Hoje, o&nbsp;Grupo Ciasul, por meio das empresas que o comp\u00f5e, busca constantemente aliar compet\u00eancia, agilidade e excel\u00eancia em todas as suas opera\u00e7\u00f5es, princ\u00edpios que resultam em crescimento organizacional e constru\u00e7\u00e3o de s\u00f3lidas rela\u00e7\u00f5es de confian\u00e7a e credibilidade com seus clientes e parceiros de neg\u00f3cios.<\/p>\n<\/div>\n<\/div>\n<\/div>\n<\/div>\n<\/div>\n\n\n\n<p><\/p>\n","protected":false},"excerpt":{"rendered":"<p>\u201cUm dos maiores players de constru\u00e7\u00e3o a seco e revestimentos do pa\u00eds, com mais de 45 anos de tradi\u00e7\u00e3o, o Grupo Ciasul oferece ao mercado solu\u00e7\u00f5es de ponta a ponta \u2013 atacarejo, atacado e presta\u00e7\u00e3o de servi\u00e7os \u2013, possibilitando o atendimento a diferentes p\u00fablicos e a realiza\u00e7\u00e3o de obras dos mais variados portes\u201d. O&nbsp;Grupo Ciasul&nbsp;\u00e9 [&hellip;]<\/p>\n","protected":false},"author":1,"featured_media":0,"parent":0,"menu_order":0,"comment_status":"closed","ping_status":"closed","template":"","meta":{"footnotes":""},"class_list":["post-51","page","type-page","status-publish","hentry"],"_links":{"self":[{"href":"https:\/\/www.grupociasul.com.br\/index.php\/wp-json\/wp\/v2\/pages\/51","targetHints":{"allow":["GET"]}}],"collection":[{"href":"https:\/\/www.grupociasul.com.br\/index.php\/wp-json\/wp\/v2\/pages"}],"about":[{"href":"https:\/\/www.grupociasul.com.br\/index.php\/wp-json\/wp\/v2\/types\/page"}],"author":[{"embeddable":true,"href":"https:\/\/www.grupociasul.com.br\/index.php\/wp-json\/wp\/v2\/users\/1"}],"replies":[{"embeddable":true,"href":"https:\/\/www.grupociasul.com.br\/index.php\/wp-json\/wp\/v2\/comments?post=51"}],"version-history":[{"count":10,"href":"https:\/\/www.grupociasul.com.br\/index.php\/wp-json\/wp\/v2\/pages\/51\/revisions"}],"predecessor-version":[{"id":316,"href":"https:\/\/www.grupociasul.com.br\/index.php\/wp-json\/wp\/v2\/pages\/51\/revisions\/316"}],"wp:attachment":[{"href":"https:\/\/www.grupociasul.com.br\/index.php\/wp-json\/wp\/v2\/media?parent=51"}],"curies":[{"name":"wp","href":"https:\/\/api.w.org\/{rel}","templated":true}]}}