{"id":62,"date":"2024-09-19T09:10:15","date_gmt":"2024-09-19T12:10:15","guid":{"rendered":"http:\/\/grupociasul1.hospedagemdesites.ws\/?page_id=62"},"modified":"2024-11-26T19:17:39","modified_gmt":"2024-11-26T22:17:39","slug":"politica-de-privacidade-2","status":"publish","type":"page","link":"https:\/\/www.grupociasul.com.br\/index.php\/politica-de-privacidade-2\/","title":{"rendered":"POL\u00cdTICA DE PRIVACIDADE"},"content":{"rendered":"\n<div class=\"wp-block-group alignfull has-global-padding is-layout-constrained wp-block-group-is-layout-constrained\">\n<div class=\"wp-block-cover alignfull is-repeated has-custom-content-position is-position-bottom-left\" style=\"min-height:497px;aspect-ratio:unset;\"><span aria-hidden=\"true\" class=\"wp-block-cover__background has-background-dim-40 has-background-dim\" style=\"background-color:#243e60\"><\/span><div class=\"wp-block-cover__image-background wp-image-197 is-repeated\" style=\"background-position:50% 50%;background-image:url(http:\/\/www.grupociasul.com.br\/wp-content\/uploads\/2024\/10\/Site-Grupo-Ciasul_Pagina-Politica-de-Privacidade.jpg)\"><\/div><div class=\"wp-block-cover__inner-container has-global-padding is-layout-constrained wp-container-core-cover-is-layout-f36bc466 wp-block-cover-is-layout-constrained\">\n<div class=\"wp-block-columns alignfull are-vertically-aligned-bottom is-layout-flex wp-container-core-columns-is-layout-c819c4ca wp-block-columns-is-layout-flex\" style=\"margin-top:33px;margin-bottom:33px;padding-top:0;padding-right:var(--wp--preset--spacing--60);padding-bottom:0;padding-left:var(--wp--preset--spacing--60)\">\n<div class=\"wp-block-column is-vertically-aligned-bottom is-layout-flow wp-block-column-is-layout-flow\">\n<p class=\"has-text-align-center has-large-font-size\">Pol\u00edtica de Privacidade<\/p>\n<\/div>\n<\/div>\n<\/div><\/div>\n<\/div>\n\n\n\n<div class=\"wp-block-group alignfull has-base-background-color has-background has-global-padding is-layout-constrained wp-container-core-group-is-layout-8d14f2e7 wp-block-group-is-layout-constrained\" style=\"margin-top:0;margin-bottom:0;padding-top:var(--wp--preset--spacing--30);padding-right:var(--wp--preset--spacing--10);padding-bottom:var(--wp--preset--spacing--30);padding-left:var(--wp--preset--spacing--10)\">\n<div class=\"wp-block-columns is-layout-flex wp-container-core-columns-is-layout-28f84493 wp-block-columns-is-layout-flex\">\n<div class=\"wp-block-column is-layout-flow wp-block-column-is-layout-flow\" style=\"flex-basis:100%\"><\/div>\n<\/div>\n\n\n\n<div class=\"wp-block-columns alignwide is-layout-flex wp-container-core-columns-is-layout-549b0c86 wp-block-columns-is-layout-flex\">\n<div class=\"wp-block-column is-layout-flow wp-container-core-column-is-layout-4430d9c6 wp-block-column-is-layout-flow\" style=\"padding-right:var(--wp--preset--spacing--50);padding-left:var(--wp--preset--spacing--50);flex-basis:100%\">\n<h2 class=\"wp-block-heading\">1. Do Objetivo:<\/h2>\n\n\n\n<p>O Grupo Ciasul, comprometido com a prote\u00e7\u00e3o de dados pessoais, com a conscientiza\u00e7\u00e3o e a publicidade ofertada a voc\u00ea, cliente desse grupo empresarial e de suas empresas conglomeradas ou usu\u00e1rio da internet visitante do nosso website, considerado como Titular dos Dados Pessoais pela lei de privacidade nacional, e, apresenta a sua pol\u00edtica de privacidade aplicada ao endere\u00e7o eletr\u00f4nico dessa empresa, <a href=\"https:\/\/www.grupociasul.com.br\/wp-admin\/www.grupociasul.com.br\/\">www.grupociasul.com.br<\/a>.<\/p>\n\n\n\n<h3 class=\"wp-block-heading\">1.1. Da atualiza\u00e7\u00e3o:<\/h3>\n\n\n\n<p>A pol\u00edtica de privacidade poder\u00e1 ser eventualmente atualizada ou alterada, nesses casos, esta atualiza\u00e7\u00e3o ou altera\u00e7\u00e3o ser\u00e1 informada e publicada a voc\u00ea, Titular dos Dados Pessoais. Esse documento passou pela \u00faltima atualiza\u00e7\u00e3o em junho\/2023. Adiante, o Grupo Ciasul apresenta a forma como coleta, utiliza, compartilha e protege as suas informa\u00e7\u00f5es pessoais, quando voc\u00ea utiliza os servi\u00e7os ou acessa o site dessa empresa.<\/p>\n\n\n\n<h2 class=\"wp-block-heading\">2. Das Nomenclaturas:<\/h2>\n\n\n\n<p>Neste documento utilizaremos as nomenclaturas abaixo esclarecidas:<\/p>\n\n\n\n<ul class=\"wp-block-list\">\n<li><strong>Controlador de Dados<\/strong> \u2013 entenda-se como a empresa Grupo Ciasul; Pessoa jur\u00eddica que coleta, processa e trata os dados dos titulares, transferindo-os tamb\u00e9m para determinados Operadores.<\/li>\n\n\n\n<li><strong>Titular dos Dados Pessoais<\/strong> \u2013 entende-se como os usu\u00e1rios da internet que navegam no website da empresa; Pessoa f\u00edsica que consome e utiliza os servi\u00e7os oferecidos pela empresa.<\/li>\n\n\n\n<li><strong>Operador de Tratamento<\/strong> \u2013 entenda-se como empresas que recebam base de dados da empresa CONTROLADOR.<\/li>\n<\/ul>\n\n\n\n<h2 class=\"wp-block-heading\">3. Do P\u00fablico-alvo:<\/h2>\n\n\n\n<p>Essa pol\u00edtica aplica-se ao Titular dos Dados Pessoais, usu\u00e1rios da internet, que venha interagir com essa empresa pelos seguintes canais:<\/p>\n\n\n\n<ul class=\"wp-block-list\">\n<li><strong>Website<\/strong> (<a href=\"https:\/\/www.grupociasul.com.br\/wp-admin\/www.grupociasul.com.br\/\">www.grupociasul.com.br\/<\/a>): entrando em contato via \u00e1rea de contato.<\/li>\n\n\n\n<li><strong>E-mail<\/strong> (<a href=\"mailto:contato@grupociasul.com.br\">privacidade@grupociasul.com.br<\/a>): solicitando informa\u00e7\u00f5es \u00e0 empresa.<\/li>\n\n\n\n<li><strong>Instagram\/Facebook\/WhatsApp<\/strong>: acompanhando informa\u00e7\u00f5es institucionais, campanhas de publicidade, marketing promocional, atendimento com setor comercial entre outros.<\/li>\n<\/ul>\n\n\n\n<h2 class=\"wp-block-heading\">4. Dos Dados Coletados:<\/h2>\n\n\n\n<p>A coleta de dados pessoais e demais informa\u00e7\u00f5es ocorre ao acessar o site da empresa solicitando informa\u00e7\u00f5es sobre venda ou cat\u00e1logo de produtos. Ser\u00e3o coletados os seguintes dados pessoais (nome, estado civil, profiss\u00e3o, endere\u00e7o completo, telefones, e-mails e n\u00famero de documentos pessoais) visando exclusivamente a manuten\u00e7\u00e3o do contato comercial com o cliente da empresa com a qual est\u00e1 sendo mantido o relacionamento comercial. Quando houver o contato via WhatsApp, a empresa colher\u00e1 tamb\u00e9m o n\u00famero de telefone e pode ter acesso \u00e0 dados biom\u00e9tricos se houver fotos de perfil do titular.<\/p>\n\n\n\n<p>Outros dados e informa\u00e7\u00f5es pessoais podem ser coletados quando um cliente nos visita, seja em nossas lojas, seja quando interage com nossas m\u00eddias sociais, sites ou participa de alguma promo\u00e7\u00e3o comercial.<\/p>\n\n\n\n<p>A coleta se fundamenta no Artigo 7\u00b0, inciso V da Lei Geral de Prote\u00e7\u00e3o de Dados Pessoais (Lei 13.709\/18).<\/p>\n\n\n\n<h3 class=\"wp-block-heading\">4.1. Dos Cookies:<\/h3>\n\n\n\n<p>O presente website coleta algumas informa\u00e7\u00f5es atrav\u00e9s de Cookies, com a finalidade de manter a navega\u00e7\u00e3o adequada aos gostos de prefer\u00eancia do titular. Sendo eles descritos abaixo:<\/p>\n\n\n\n<table border=\"1\" style=\"border-collapse: collapse; width: 100%; text-align: left;\">\n  <thead>\n    <tr>\n      <th style=\"padding: 5px;\">Nome do Cookie<\/th>\n      <th style=\"padding: 5px;\">Categoria<\/th>\n      <th style=\"padding: 5px;\">Descri\u00e7\u00e3o<\/th>\n      <th style=\"padding: 5px;\">Dura\u00e7\u00e3o<\/th>\n    <\/tr>\n  <\/thead>\n  <tbody>\n    <tr>\n      <td style=\"padding: 5px;\">wordpress_[hash]<\/td>\n      <td style=\"padding: 5px;\">Necess\u00e1rio<\/td>\n      <td style=\"padding: 5px;\">Usado para autenticar o usu\u00e1rio na \u00e1rea administrativa do WordPress.<\/td>\n      <td style=\"padding: 5px;\">Sess\u00e3o<\/td>\n    <\/tr>\n    <tr>\n      <td style=\"padding: 5px;\">wordpress_logged_in_[hash]<\/td>\n      <td style=\"padding: 5px;\">Necess\u00e1rio<\/td>\n      <td style=\"padding: 5px;\">Indica quando um usu\u00e1rio est\u00e1 logado e quem \u00e9 o usu\u00e1rio.<\/td>\n      <td style=\"padding: 5px;\">Sess\u00e3o<\/td>\n    <\/tr>\n    <tr>\n      <td style=\"padding: 5px;\">wp-settings-[UID]<\/td>\n      <td style=\"padding: 5px;\">Funcionalidade<\/td>\n      <td style=\"padding: 5px;\">Armazena as prefer\u00eancias de interface do usu\u00e1rio na \u00e1rea administrativa.<\/td>\n      <td style=\"padding: 5px;\">1 ano<\/td>\n    <\/tr>\n    <tr>\n      <td style=\"padding: 5px;\">wp-settings-time-[UID]<\/td>\n      <td style=\"padding: 5px;\">Funcionalidade<\/td>\n      <td style=\"padding: 5px;\">Armazena a hora em que as prefer\u00eancias de interface do usu\u00e1rio foram definidas.<\/td>\n      <td style=\"padding: 5px;\">1 ano<\/td>\n    <\/tr>\n    <tr>\n      <td style=\"padding: 5px;\">wordpress_test_cookie<\/td>\n      <td style=\"padding: 5px;\">Necess\u00e1rio<\/td>\n      <td style=\"padding: 5px;\">Testa se os cookies est\u00e3o habilitados no navegador.<\/td>\n      <td style=\"padding: 5px;\">Sess\u00e3o<\/td>\n    <\/tr>\n    <tr>\n      <td style=\"padding: 5px;\">PHPSESSID<\/td>\n      <td style=\"padding: 5px;\">Necess\u00e1rio<\/td>\n      <td style=\"padding: 5px;\">Identifica a sess\u00e3o \u00fanica do navegador.<\/td>\n      <td style=\"padding: 5px;\">Sess\u00e3o<\/td>\n    <\/tr>\n    <tr>\n      <td style=\"padding: 5px;\">comment_author_[hash]<\/td>\n      <td style=\"padding: 5px;\">Funcionalidade<\/td>\n      <td style=\"padding: 5px;\">Armazena o nome do autor do coment\u00e1rio para facilitar coment\u00e1rios futuros.<\/td>\n      <td style=\"padding: 5px;\">1 ano<\/td>\n    <\/tr>\n    <tr>\n      <td style=\"padding: 5px;\">comment_author_email_[hash]<\/td>\n      <td style=\"padding: 5px;\">Funcionalidade<\/td>\n      <td style=\"padding: 5px;\">Armazena o e-mail do autor do coment\u00e1rio para facilitar coment\u00e1rios futuros.<\/td>\n      <td style=\"padding: 5px;\">1 ano<\/td>\n    <\/tr>\n    <tr>\n      <td style=\"padding: 5px;\">comment_author_url_[hash]<\/td>\n      <td style=\"padding: 5px;\">Funcionalidade<\/td>\n      <td style=\"padding: 5px;\">Armazena a URL do site do autor do coment\u00e1rio para facilitar coment\u00e1rios futuros.<\/td>\n      <td style=\"padding: 5px;\">1 ano<\/td>\n    <\/tr>\n  <\/tbody>\n<\/table>\n\n\n\n\n<h2 class=\"wp-block-heading\">5. Do Compartilhamento de Dados:<\/h2>\n\n\n\n<p>Para execu\u00e7\u00e3o de suas atividades comerciais, o Controlador pode vir a divulgar dados e informa\u00e7\u00f5es pessoais dos clientes em cumprimento de obriga\u00e7\u00f5es legais. Nessa hip\u00f3tese o compartilhamento ocorrer\u00e1 sem o consentimento do titular de dados.<\/p>\n\n\n\n<h2 class=\"wp-block-heading\">6. Dos Direitos dos Titulares:<\/h2>\n\n\n\n<p>A pol\u00edtica de privacidade do Grupo Ciasul busca atingir todos os direitos amparados pelo Artigo 9\u00ba da Lei 13.709\/2018. Todo o Titular de Dados Pessoais que possui dados coletados por essa empresa tem garantido o acesso \u00e0s informa\u00e7\u00f5es sobre o tratamento de seus dados por meio de contato com o Encarregado de Dados via <a href=\"mailto:contato@grupociasul.com.br\"><a href=\"mailto:contato@grupociasul.com.br\">privacidade<\/a>@grupociasul.com.br<\/a>.<\/p>\n\n\n\n<h2 class=\"wp-block-heading\">7. Do Encarregado De Dados:<\/h2>\n\n\n\n<p>Em cumprimento \u00e0 Lei Geral de Prote\u00e7\u00e3o de Dados Pessoais, Artigo 41 da Lei n\u00ba 13.709\/2018, essa empresa nomeia como Encarregado de Dados a empresa BISPO ASSESSORIA EMPRESARIAL LTDA inscrita sob o CNPJ n\u00ba 40.152.714\/0001-30.<\/p>\n\n\n\n<p>O Encarregado de Dados atende a \u00f3rg\u00e3os fiscalizadores e titulares dos Dados Pessoais pelo e-mail <a href=\"mailto:contato@grupociasul.com.br\"><a href=\"mailto:contato@grupociasul.com.br\">privacidade<\/a>@grupociasul.com.br<\/a>.<\/p>\n\n\n\n<h2 class=\"wp-block-heading\">8. Dos Cookies:<\/h2>\n\n\n\n<p>O Grupo Ciasul utiliza cookies para coleta de dados de prefer\u00eancias e dados de personaliza\u00e7\u00e3o, coleta necess\u00e1ria para melhorar a personaliza\u00e7\u00e3o e a experi\u00eancia do usu\u00e1rio ao navegar no website <a href=\"https:\/\/www.grupociasul.com.br\">www.grupociasul.com.br\/<\/a>.<\/p>\n\n\n\n<h2 class=\"wp-block-heading\">9. Do Per\u00edodo de Tratamento:<\/h2>\n\n\n\n<p>O armazenamento dos dados do Titular dos Dados Pessoais ocorrer\u00e1 pelo per\u00edodo exigido em lei. Quando inexistir base legal para o per\u00edodo de armazenamento dos dados esse ocorrer\u00e1 enquanto for necess\u00e1ria a finalidade de tratamento. Ser\u00e1 expl\u00edcita a dele\u00e7\u00e3o ap\u00f3s o t\u00e9rmino do interesse dos respectivos dados coletados.<\/p>\n\n\n\n<h2 class=\"wp-block-heading\">10. Do Canal de Atendimento:<\/h2>\n\n\n\n<p>O Grupo Ciasul disponibiliza o canal de privacidade <a href=\"mailto:contato@grupociasul.com.br\"><a href=\"mailto:contato@grupociasul.com.br\">privacidade<\/a>@grupociasul.com.br<\/a> como meio de receber solicita\u00e7\u00f5es ou prestar esclarecimentos, portabilidade, exclus\u00e3o ou quaisquer solicita\u00e7\u00f5es do Titular dos Dados Pessoais.<\/p>\n\n\n\n<p><strong>Equipe de privacidade do Grupo Ciasul<\/strong><\/p>\n\n\n\n<p>Revisada por LGPD Assessoria Pessoa jur\u00eddica inscrita sob o CNPJ n\u00ba 40.152.714\/0001-30.<\/p>\n<\/div>\n<\/div>\n<\/div>\n","protected":false},"excerpt":{"rendered":"<p>1. Do Objetivo: O Grupo Ciasul, comprometido com a prote\u00e7\u00e3o de dados pessoais, com a conscientiza\u00e7\u00e3o e a publicidade ofertada a voc\u00ea, cliente desse grupo empresarial e de suas empresas conglomeradas ou usu\u00e1rio da internet visitante do nosso website, considerado como Titular dos Dados Pessoais pela lei de privacidade nacional, e, apresenta a sua pol\u00edtica [&hellip;]<\/p>\n","protected":false},"author":1,"featured_media":168,"parent":0,"menu_order":0,"comment_status":"closed","ping_status":"closed","template":"","meta":{"footnotes":""},"class_list":["post-62","page","type-page","status-publish","has-post-thumbnail","hentry"],"_links":{"self":[{"href":"https:\/\/www.grupociasul.com.br\/index.php\/wp-json\/wp\/v2\/pages\/62","targetHints":{"allow":["GET"]}}],"collection":[{"href":"https:\/\/www.grupociasul.com.br\/index.php\/wp-json\/wp\/v2\/pages"}],"about":[{"href":"https:\/\/www.grupociasul.com.br\/index.php\/wp-json\/wp\/v2\/types\/page"}],"author":[{"embeddable":true,"href":"https:\/\/www.grupociasul.com.br\/index.php\/wp-json\/wp\/v2\/users\/1"}],"replies":[{"embeddable":true,"href":"https:\/\/www.grupociasul.com.br\/index.php\/wp-json\/wp\/v2\/comments?post=62"}],"version-history":[{"count":14,"href":"https:\/\/www.grupociasul.com.br\/index.php\/wp-json\/wp\/v2\/pages\/62\/revisions"}],"predecessor-version":[{"id":295,"href":"https:\/\/www.grupociasul.com.br\/index.php\/wp-json\/wp\/v2\/pages\/62\/revisions\/295"}],"wp:featuredmedia":[{"embeddable":true,"href":"https:\/\/www.grupociasul.com.br\/index.php\/wp-json\/wp\/v2\/media\/168"}],"wp:attachment":[{"href":"https:\/\/www.grupociasul.com.br\/index.php\/wp-json\/wp\/v2\/media?parent=62"}],"curies":[{"name":"wp","href":"https:\/\/api.w.org\/{rel}","templated":true}]}}